{"id":3383,"date":"2016-02-20T21:00:24","date_gmt":"2016-02-20T21:00:24","guid":{"rendered":"http:\/\/biobersa.com\/sitio\/?post_type=product&#038;p=3383"},"modified":"2016-02-20T21:02:16","modified_gmt":"2016-02-20T21:02:16","slug":"crema-corporal-75-ml-coco","status":"publish","type":"product","link":"https:\/\/biobersa.com\/sitio\/?product=crema-corporal-75-ml-coco","title":{"rendered":"Crema Corporal 75 ml, Coco"},"content":{"rendered":"<p><strong>Propiedades<\/strong><br \/>\n&#8211; Reducen la resequedad en tu piel<br \/>\n&#8211; Suavizan, nutren y protegen toda tu piel<br \/>\n&#8211; 0 % grasa<br \/>\n&#8211; Humectan por tiempo prolongado<br \/>\n&#8211; Son hipoalerg\u00e9nicas (Ayuda a reducir riesgos de alergia)<br \/>\n&#8211; Exquisitos aromas relajantes<br \/>\n&#8211; Son para toda la familia<\/p>\n<p><strong>Presentaci\u00f3n<\/strong><br \/>\n75 ml.<\/p>\n<p><strong>Modo de Empleo:<\/strong><br \/>\nAplicar diariamente en todo el cuerpo mediante suaves masajes con la yema de los dedos en forma circular.<\/p>\n<p><strong>Sugerencia de Uso:<\/strong><br \/>\nSe recomienda usar en todo tu cuerpo para reducir los efectos de la resequedad en tu piel despu\u00e9s de ba\u00f1arte.<\/p>\n<p><strong>Restricciones:<\/strong><br \/>\nSi observa alguna irritaci\u00f3n o reacci\u00f3n desfavorable, suspenda su uso y consulte al m\u00e9dico.<\/p>\n","protected":false},"excerpt":{"rendered":"<p>Extraordinaria f\u00f3rmula a base de aceites esenciales y extractos naturales.<\/p>\n","protected":false},"featured_media":3384,"comment_status":"open","ping_status":"closed","template":"","meta":[],"product_brand":[],"product_cat":[43,32],"product_tag":[],"class_list":{"0":"post-3383","1":"product","2":"type-product","3":"status-publish","4":"has-post-thumbnail","6":"product_cat-coco","7":"product_cat-cuerpo","9":"first","10":"instock","11":"shipping-taxable","12":"product-type-simple"},"_links":{"self":[{"href":"https:\/\/biobersa.com\/sitio\/index.php?rest_route=\/wp\/v2\/product\/3383","targetHints":{"allow":["GET"]}}],"collection":[{"href":"https:\/\/biobersa.com\/sitio\/index.php?rest_route=\/wp\/v2\/product"}],"about":[{"href":"https:\/\/biobersa.com\/sitio\/index.php?rest_route=\/wp\/v2\/types\/product"}],"replies":[{"embeddable":true,"href":"https:\/\/biobersa.com\/sitio\/index.php?rest_route=%2Fwp%2Fv2%2Fcomments&post=3383"}],"wp:featuredmedia":[{"embeddable":true,"href":"https:\/\/biobersa.com\/sitio\/index.php?rest_route=\/wp\/v2\/media\/3384"}],"wp:attachment":[{"href":"https:\/\/biobersa.com\/sitio\/index.php?rest_route=%2Fwp%2Fv2%2Fmedia&parent=3383"}],"wp:term":[{"taxonomy":"product_brand","embeddable":true,"href":"https:\/\/biobersa.com\/sitio\/index.php?rest_route=%2Fwp%2Fv2%2Fproduct_brand&post=3383"},{"taxonomy":"product_cat","embeddable":true,"href":"https:\/\/biobersa.com\/sitio\/index.php?rest_route=%2Fwp%2Fv2%2Fproduct_cat&post=3383"},{"taxonomy":"product_tag","embeddable":true,"href":"https:\/\/biobersa.com\/sitio\/index.php?rest_route=%2Fwp%2Fv2%2Fproduct_tag&post=3383"}],"curies":[{"name":"wp","href":"https:\/\/api.w.org\/{rel}","templated":true}]}}