{"id":3388,"date":"2016-02-20T21:06:55","date_gmt":"2016-02-20T21:06:55","guid":{"rendered":"http:\/\/biobersa.com\/sitio\/?post_type=product&#038;p=3388"},"modified":"2016-02-20T21:06:55","modified_gmt":"2016-02-20T21:06:55","slug":"gel-antibacterial-75-ml-coco","status":"publish","type":"product","link":"https:\/\/biobersa.com\/sitio\/?product=gel-antibacterial-75-ml-coco","title":{"rendered":"Gel Antibacterial 75 ml Coco"},"content":{"rendered":"<p><strong>Propiedades<\/strong><br \/>\n&#8211; Eliminan hasta el 99.9 % de los g\u00e9rmenes<br \/>\n&#8211; Secan r\u00e1pido<br \/>\n&#8211; No pegagosos<br \/>\n&#8211; Humectantes<br \/>\n&#8211; Aromas exquisitos<\/p>\n<p><strong>Presentaci\u00f3n<\/strong><br \/>\n75 ml.<\/p>\n<p><strong>Modo de Empleo:<\/strong><br \/>\nAplique una cantidad suficiente que le permita frotar el Gel Antibacterial BERSA sobre toda la superficie de sus manos y dejar secar al ambiente.<\/p>\n<p><strong>Sugerencia de Uso:<\/strong><br \/>\nAntes de ingerir alimentos o cuando le sea inapropiado mojar sus manos.<\/p>\n<p><strong>Restricciones:<\/strong><br \/>\n\u00danicamente para uso externo. Evite el contacto con los ojos. Los ni\u00f1os pueden usar este producto solo bajo la supervisi\u00f3n de un adulto. Mantenga este producto alejado de las llamas, chispas o calor. En caso de irritaci\u00f3n o reacci\u00f3n desfavorable, suspenda su uso y consulte al m\u00e9dico.<\/p>\n","protected":false},"excerpt":{"rendered":"<p>Una forma r\u00e1pida y c\u00f3moda de limpiar y desinfectar tus manos.<\/p>\n","protected":false},"featured_media":3389,"comment_status":"open","ping_status":"closed","template":"","meta":[],"product_brand":[],"product_cat":[43,32],"product_tag":[],"class_list":{"0":"post-3388","1":"product","2":"type-product","3":"status-publish","4":"has-post-thumbnail","6":"product_cat-coco","7":"product_cat-cuerpo","9":"first","10":"instock","11":"shipping-taxable","12":"product-type-simple"},"_links":{"self":[{"href":"https:\/\/biobersa.com\/sitio\/index.php?rest_route=\/wp\/v2\/product\/3388","targetHints":{"allow":["GET"]}}],"collection":[{"href":"https:\/\/biobersa.com\/sitio\/index.php?rest_route=\/wp\/v2\/product"}],"about":[{"href":"https:\/\/biobersa.com\/sitio\/index.php?rest_route=\/wp\/v2\/types\/product"}],"replies":[{"embeddable":true,"href":"https:\/\/biobersa.com\/sitio\/index.php?rest_route=%2Fwp%2Fv2%2Fcomments&post=3388"}],"wp:featuredmedia":[{"embeddable":true,"href":"https:\/\/biobersa.com\/sitio\/index.php?rest_route=\/wp\/v2\/media\/3389"}],"wp:attachment":[{"href":"https:\/\/biobersa.com\/sitio\/index.php?rest_route=%2Fwp%2Fv2%2Fmedia&parent=3388"}],"wp:term":[{"taxonomy":"product_brand","embeddable":true,"href":"https:\/\/biobersa.com\/sitio\/index.php?rest_route=%2Fwp%2Fv2%2Fproduct_brand&post=3388"},{"taxonomy":"product_cat","embeddable":true,"href":"https:\/\/biobersa.com\/sitio\/index.php?rest_route=%2Fwp%2Fv2%2Fproduct_cat&post=3388"},{"taxonomy":"product_tag","embeddable":true,"href":"https:\/\/biobersa.com\/sitio\/index.php?rest_route=%2Fwp%2Fv2%2Fproduct_tag&post=3388"}],"curies":[{"name":"wp","href":"https:\/\/api.w.org\/{rel}","templated":true}]}}