{"id":3392,"date":"2016-02-20T21:49:49","date_gmt":"2016-02-20T21:49:49","guid":{"rendered":"http:\/\/biobersa.com\/sitio\/?post_type=product&#038;p=3392"},"modified":"2016-02-20T21:49:49","modified_gmt":"2016-02-20T21:49:49","slug":"locion-corporal-60-ml-coco","status":"publish","type":"product","link":"https:\/\/biobersa.com\/sitio\/?product=locion-corporal-60-ml-coco","title":{"rendered":"Loci\u00f3n Corporal 60 ml, Coco"},"content":{"rendered":"<p><strong>Propiedades<\/strong><br \/>\n&#8211; Suavizan tu piel<br \/>\n&#8211; Permanece el aroma por tiempo prolongado<br \/>\n&#8211; Exquisitos aromas relajantes<br \/>\n&#8211; No irritan ni resecan tu piel<\/p>\n<p><strong>Presentaci\u00f3n<\/strong><br \/>\n60 ml.<\/p>\n<p><strong>Modo de Empleo:<\/strong><br \/>\nRoc\u00ede en forma abundante en todo el cuerpo Loci\u00f3n Corporal BERSA, para disfrutar de una sensaci\u00f3n limpia y fresca con un aroma exquisito que le ayudara a relajarse.<\/p>\n<p><strong>Sugerencia de Uso:<\/strong><br \/>\nSe recomienda usar para cualquier ocasi\u00f3n.<\/p>\n<p><strong>Restricciones:<\/strong><br \/>\nInflamable hasta secarse. Mantenga este producto alejado de las llamas, chispas o calor. \u00danicamente para uso externo, no ingerir. Evite el contacto con los ojos. Mantenga este producto fuera del alcance de los ni\u00f1os.<\/p>\n","protected":false},"excerpt":{"rendered":"<p>Aromas sensuales para cualquier ocasi\u00f3n.<\/p>\n","protected":false},"featured_media":3393,"comment_status":"open","ping_status":"closed","template":"","meta":[],"product_brand":[],"product_cat":[43,32],"product_tag":[],"class_list":{"0":"post-3392","1":"product","2":"type-product","3":"status-publish","4":"has-post-thumbnail","6":"product_cat-coco","7":"product_cat-cuerpo","9":"first","10":"instock","11":"shipping-taxable","12":"product-type-simple"},"_links":{"self":[{"href":"https:\/\/biobersa.com\/sitio\/index.php?rest_route=\/wp\/v2\/product\/3392","targetHints":{"allow":["GET"]}}],"collection":[{"href":"https:\/\/biobersa.com\/sitio\/index.php?rest_route=\/wp\/v2\/product"}],"about":[{"href":"https:\/\/biobersa.com\/sitio\/index.php?rest_route=\/wp\/v2\/types\/product"}],"replies":[{"embeddable":true,"href":"https:\/\/biobersa.com\/sitio\/index.php?rest_route=%2Fwp%2Fv2%2Fcomments&post=3392"}],"wp:featuredmedia":[{"embeddable":true,"href":"https:\/\/biobersa.com\/sitio\/index.php?rest_route=\/wp\/v2\/media\/3393"}],"wp:attachment":[{"href":"https:\/\/biobersa.com\/sitio\/index.php?rest_route=%2Fwp%2Fv2%2Fmedia&parent=3392"}],"wp:term":[{"taxonomy":"product_brand","embeddable":true,"href":"https:\/\/biobersa.com\/sitio\/index.php?rest_route=%2Fwp%2Fv2%2Fproduct_brand&post=3392"},{"taxonomy":"product_cat","embeddable":true,"href":"https:\/\/biobersa.com\/sitio\/index.php?rest_route=%2Fwp%2Fv2%2Fproduct_cat&post=3392"},{"taxonomy":"product_tag","embeddable":true,"href":"https:\/\/biobersa.com\/sitio\/index.php?rest_route=%2Fwp%2Fv2%2Fproduct_tag&post=3392"}],"curies":[{"name":"wp","href":"https:\/\/api.w.org\/{rel}","templated":true}]}}