{"id":3428,"date":"2016-02-21T01:25:58","date_gmt":"2016-02-21T01:25:58","guid":{"rendered":"http:\/\/biobersa.com\/sitio\/?post_type=product&#038;p=3428"},"modified":"2016-02-21T01:27:35","modified_gmt":"2016-02-21T01:27:35","slug":"locion-corporal-250-ml-gardenia","status":"publish","type":"product","link":"https:\/\/biobersa.com\/sitio\/?product=locion-corporal-250-ml-gardenia","title":{"rendered":"Loci\u00f3n Corporal 250 ml Gardenia"},"content":{"rendered":"<p><strong>Propiedades<\/strong><br \/>\n&#8211; Suavizan tu piel<br \/>\n&#8211; Permanece el aroma por tiempo prolongado<br \/>\n&#8211; Exquisitos aromas relajantes<br \/>\n&#8211; No irritan ni resecan tu piel<\/p>\n<p><strong>Presentaci\u00f3n<\/strong><br \/>\n250 ml.<\/p>\n<p><strong>Modo de Empleo:<\/strong><br \/>\nRoc\u00ede en forma abundante en todo el cuerpo Loci\u00f3n Corporal BERSA, para disfrutar de una sensaci\u00f3n limpia y fresca con un aroma exquisito que le ayudara a relajarse.<\/p>\n<p><strong>Sugerencia de Uso:<\/strong><br \/>\nSe recomienda usar para cualquier ocasi\u00f3n.<\/p>\n<p><strong>Restricciones:<\/strong><br \/>\nInflamable hasta secarse. Mantenga este producto alejado de las llamas, chispas o calor. \u00danicamente para uso externo, no ingerir. Evite el contacto con los ojos. Mantenga este producto fuera del alcance de los ni\u00f1os.<\/p>\n","protected":false},"excerpt":{"rendered":"<p>Aromas sensuales para cualquier ocasi\u00f3n.<\/p>\n","protected":false},"featured_media":3429,"comment_status":"open","ping_status":"closed","template":"","meta":[],"product_brand":[],"product_cat":[32,47],"product_tag":[],"class_list":{"0":"post-3428","1":"product","2":"type-product","3":"status-publish","4":"has-post-thumbnail","6":"product_cat-cuerpo","7":"product_cat-gardenia","9":"first","10":"instock","11":"shipping-taxable","12":"product-type-simple"},"_links":{"self":[{"href":"https:\/\/biobersa.com\/sitio\/index.php?rest_route=\/wp\/v2\/product\/3428","targetHints":{"allow":["GET"]}}],"collection":[{"href":"https:\/\/biobersa.com\/sitio\/index.php?rest_route=\/wp\/v2\/product"}],"about":[{"href":"https:\/\/biobersa.com\/sitio\/index.php?rest_route=\/wp\/v2\/types\/product"}],"replies":[{"embeddable":true,"href":"https:\/\/biobersa.com\/sitio\/index.php?rest_route=%2Fwp%2Fv2%2Fcomments&post=3428"}],"wp:featuredmedia":[{"embeddable":true,"href":"https:\/\/biobersa.com\/sitio\/index.php?rest_route=\/wp\/v2\/media\/3429"}],"wp:attachment":[{"href":"https:\/\/biobersa.com\/sitio\/index.php?rest_route=%2Fwp%2Fv2%2Fmedia&parent=3428"}],"wp:term":[{"taxonomy":"product_brand","embeddable":true,"href":"https:\/\/biobersa.com\/sitio\/index.php?rest_route=%2Fwp%2Fv2%2Fproduct_brand&post=3428"},{"taxonomy":"product_cat","embeddable":true,"href":"https:\/\/biobersa.com\/sitio\/index.php?rest_route=%2Fwp%2Fv2%2Fproduct_cat&post=3428"},{"taxonomy":"product_tag","embeddable":true,"href":"https:\/\/biobersa.com\/sitio\/index.php?rest_route=%2Fwp%2Fv2%2Fproduct_tag&post=3428"}],"curies":[{"name":"wp","href":"https:\/\/api.w.org\/{rel}","templated":true}]}}